{"id":163,"date":"2021-03-11T08:37:54","date_gmt":"2021-03-11T07:37:54","guid":{"rendered":"https:\/\/jaeger-sh.at\/?page_id=163"},"modified":"2021-03-11T08:43:41","modified_gmt":"2021-03-11T07:43:41","slug":"impressum","status":"publish","type":"page","link":"https:\/\/jaeger-sh.at\/index.php\/impressum\/","title":{"rendered":"Impressum"},"content":{"rendered":"<section class=\"av_textblock_section \"  itemscope=\"itemscope\" itemtype=\"https:\/\/schema.org\/CreativeWork\" ><div class='avia_textblock  '   itemprop=\"text\" ><h2 style=\"text-align: center;\">Impressum<\/h2>\n<\/div><\/section>\n<div  style=' margin-top:0px; margin-bottom:15px;'  class='hr hr-custom hr-center hr-icon-yes   avia-builder-el-1  el_after_av_textblock  el_before_av_textblock '><span class='hr-inner   inner-border-av-border-fat' style=' width:500px;' ><span class='hr-inner-style'><\/span><\/span><span class='av-seperator-icon'  aria-hidden='true' data-av_icon='\ue8bd' data-av_iconfont='entypo-fontello'><\/span><span class='hr-inner   inner-border-av-border-fat' style=' width:500px;' ><span class='hr-inner-style'><\/span><\/span><\/div>\n<section class=\"av_textblock_section \"  itemscope=\"itemscope\" itemtype=\"https:\/\/schema.org\/CreativeWork\" ><div class='avia_textblock  '   itemprop=\"text\" ><p style=\"text-align: center;\"><span style=\"font-size: 12pt;\">Informationen erf\u00fcllen die Informationspflicht lt. E-Commerce-Gesetz \u00a75.<\/span><\/p>\n<table>\n<tbody>\n<tr>\n<td><span style=\"font-size: 12pt;\">Medieninhaber, Herausgeber:<\/span><\/td>\n<td><span style=\"font-size: 12pt;\">jaeger &amp; sh Steuerberatungs GmbH<\/span><\/td>\n<\/tr>\n<tr>\n<td><span style=\"font-size: 12pt;\">Rechtsform der Gesellschaft:<\/span><\/td>\n<td><span style=\"font-size: 12pt;\">GmbH<\/span><\/td>\n<\/tr>\n<tr>\n<td><span style=\"font-size: 12pt;\">Gesch\u00e4ftsf\u00fchrer:<\/span><\/td>\n<td><span style=\"font-size: 12pt;\">Mag. Helmut Schebesta und Andrea Jaeger<\/span><\/td>\n<\/tr>\n<tr>\n<td><span style=\"font-size: 12pt;\">Sitz:<\/span><\/td>\n<td><span style=\"font-size: 12pt;\">A &#8211; 1120 Wien, Sch\u00f6nbrunner Schlossstra\u00dfe 5\/6\/11,<\/span><br \/>\n<span style=\"font-size: 12pt;\"> Telefon: 01\/7156005; E-Mail: <a href=\"mailto:a.jaeger@jaeger-sh.at\">a.jaeger@jaeger-sh.at<\/a><\/span><\/td>\n<\/tr>\n<tr>\n<td><span style=\"font-size: 12pt;\">Firmenbuchnummer:<\/span><\/td>\n<td><span style=\"font-size: 12pt;\">540558p<\/span><\/td>\n<\/tr>\n<tr>\n<td><span style=\"font-size: 12pt;\">Firmenbuchgericht:<\/span><\/td>\n<td><span style=\"font-size: 12pt;\">Wien<\/span><\/td>\n<\/tr>\n<tr>\n<td><span style=\"font-size: 12pt;\">UID:<\/span><\/td>\n<td><span style=\"font-size: 12pt;\">ATU75913567<\/span><\/td>\n<\/tr>\n<tr>\n<td><\/td>\n<td><\/td>\n<\/tr>\n<tr>\n<td><span style=\"font-size: 12pt;\">Berufsbezeichnung:<\/span><\/td>\n<td><span style=\"font-size: 12pt;\">Steuerberater, Wirtschaftstreuh\u00e4nder nach \u00f6sterreichischem Recht<\/span><\/td>\n<\/tr>\n<tr>\n<td><span style=\"font-size: 12pt;\">Kammer:<\/span><\/td>\n<td><span style=\"font-size: 12pt;\">Kammer der Steuerberater und Wirtschaftspr\u00fcfer, A-1120 Wien, Sch\u00f6nbrunner Stra\u00dfe 222-228\/1\/6\/2 Telefon: 01\/811 73-0, Telefax: 01\/811 73-100<\/span><\/td>\n<\/tr>\n<tr>\n<td><span style=\"font-size: 12pt;\">Berufsrechtliche Vorschriften:<\/span><\/td>\n<td><span style=\"font-size: 12pt;\">Wirtschaftstreuhandberufsgesetz: BGBl. I Nr. 58\/1999<\/span><br \/>\n<span style=\"font-size: 12pt;\"> <a href=\"https:\/\/www.sh.at\/files\/wtgesetz.pdf\">Gesetz downloaden<br \/>\n<\/a><\/span><br \/>\n<span style=\"font-size: 12pt;\"> <a href=\"http:\/\/www.kwt.or.at\/de\/desktopdefault.aspx\/tabid-170\/\">Allgemeine Auftragsbedingungen f\u00fcr Wirtschaftstreuh\u00e4nder downloaden<\/a><\/span><\/td>\n<\/tr>\n<tr>\n<td><span style=\"font-size: 12pt;\">Contentdesign, technische Umsetzung<\/span><\/td>\n<td><span style=\"font-size: 12pt;\"><a href=\"http:\/\/www.bso.at\">BSO EDV- und Betriebsberatung GmbH<\/a><\/span><br \/>\n<span style=\"font-size: 12pt;\"> 3100 St. P\u00f6lten, Schillerplatz 1<\/span><\/td>\n<\/tr>\n<\/tbody>\n<\/table>\n<p><span style=\"font-size: 12pt;\"><em><br \/>\nDie ver\u00f6ffentlichten Beitr\u00e4ge sind urheberrechtlich gesch\u00fctzt und ohne Gew\u00e4hr.<\/em>Haftungsausschluss &#8211; AGB<\/span><\/p>\n<p><span style=\"font-size: 12pt;\">Es wird darauf verwiesen, dass alle Angaben auf dieser Website trotz sorgf\u00e4ltiger Bearbeitung ohne Gew\u00e4hr erfolgen und eine Haftung der Autoren und des Herstellers ausgeschlossen ist. ALLGEMEINE<\/span><\/p>\n<p><span style=\"font-size: 12pt;\">GESCH\u00c4FTSBEDINGUNGEN F\u00dcR DIE NUTZUNG DER IM ALLGEMEINEN TEIL DER HOMEPAGE ZUR VERF\u00dcGUNG GESTELLTEN INFORMATIONEN<\/span><\/p>\n<p><span style=\"font-size: 12pt;\"><u>1. Beschreibung des Rechtsverh\u00e4ltnisses zwischen jaeger &amp; sh Steuerberatungs GmbH einerseits und Ben\u00fctzung der Homepage andererseits:<\/u><\/span><\/p>\n<p><span style=\"font-size: 12pt;\">a) Die jaeger &amp; sh Steuerberatungs GmbHstellt frei zug\u00e4nglich allgemeine steuerrechtliche Informationen zur Verf\u00fcgung. Zweck dieser Sammlung ist es, praxisrelevante Informationen betreffend das Steuerrecht &#8211; welche auch ansonsten frei zug\u00e4nglich sind &#8211; systematisch und benutzerfreundlich aufzugliedern.<\/span><\/p>\n<ol start=\"2\">\n<li><span style=\"font-size: 12pt;\">b) S\u00e4mtliche in a) beschriebenen Leistungen erfolgen kostenlos.c) Den Benutzern steht es frei, die hier erworbenen Informationen zu verwenden. <\/span><span style=\"font-size: 12pt;\">d) Die Informationen werden von der jaeger &amp; sh Steuerberatungs GmbH &#8211; ohne Gew\u00e4hr &#8211; auf dem neuesten Stand gehalten.<\/span><span style=\"font-size: 12pt;\">e) Die jaeger &amp; sh Steuerberatungs GmbH ist berechtigt, jederzeit und ohne vorherige Information den Inhalt der Homepage zu \u00e4ndern.<\/span>\n<p><span style=\"font-size: 12pt;\">f) Den Benutzern entsteht kein wie immer gearteter Rechtsanspruch gegen die jaeger &amp; sh Steuerberatungs GmbH, insbesondere nicht auf zur Verf\u00fcgungstellung bestimmter Daten, umgehende Aktualisierung der zur Verf\u00fcgung gestellten Daten oder Eignung der Daten f\u00fcr den vom Benutzer beabsichtigten Zweck. Der Benutzer nimmt ausdr\u00fccklich zur Kenntnis, dass die Beratung bez\u00fcglich individueller und\/oder komplizierter Sachverhalte nur in einem pers\u00f6nlichen Gespr\u00e4ch mit ausreichender Sicherheit gew\u00e4hrleistet werden kann.<\/span><\/p>\n<p><span style=\"font-size: 12pt;\"><u> Gew\u00e4hrleistung und Haftung:<\/u><\/span><\/p>\n<p><span style=\"font-size: 12pt;\">a) Anspr\u00fcche der Benutzer auf Grund etwaiger St\u00f6rungen beim Betrieb der Homepage bestehen nicht, wobei sich die jaeger &amp; sh Steuerberatungs GmbH diesfalls um baldigste Behebung der St\u00f6rung bem\u00fcht.<\/span><\/p>\n<p><span style=\"font-size: 12pt;\">b) Die jaeger &amp; sh Steuerberatungs GmbH haftet nicht f\u00fcr Vollst\u00e4ndigkeit und Richtigkeit der Informationsinhalte dieser Website wie auch die Links zu anderen Websites und deren Inhalte, in welcher Weise auch immer. Dies gilt insbesondere auch f\u00fcr allf\u00e4llige Folgesch\u00e4den, welche aus der Verwendung der zur Verf\u00fcgung gestellten Informationen entstehen k\u00f6nnten.<\/span><\/p>\n<p><span style=\"font-size: 12pt;\">c) Weiters haftet die jaeger &amp; sh Steuerberatungs GmbH keinesfalls f\u00fcr allf\u00e4llige Sch\u00e4den, welche durch die gesetzwidrige Verwendung der zur Verf\u00fcgung gestellten Daten dieser Website wie auch der damit durch Links verbundenen Websites seitens der Benutzer und Dritter entstehen.<\/span><\/li>\n<\/ol>\n<\/div><\/section>\n","protected":false},"excerpt":{"rendered":"","protected":false},"author":2,"featured_media":0,"parent":0,"menu_order":0,"comment_status":"closed","ping_status":"closed","template":"","meta":[],"_links":{"self":[{"href":"https:\/\/jaeger-sh.at\/index.php\/wp-json\/wp\/v2\/pages\/163"}],"collection":[{"href":"https:\/\/jaeger-sh.at\/index.php\/wp-json\/wp\/v2\/pages"}],"about":[{"href":"https:\/\/jaeger-sh.at\/index.php\/wp-json\/wp\/v2\/types\/page"}],"author":[{"embeddable":true,"href":"https:\/\/jaeger-sh.at\/index.php\/wp-json\/wp\/v2\/users\/2"}],"replies":[{"embeddable":true,"href":"https:\/\/jaeger-sh.at\/index.php\/wp-json\/wp\/v2\/comments?post=163"}],"version-history":[{"count":9,"href":"https:\/\/jaeger-sh.at\/index.php\/wp-json\/wp\/v2\/pages\/163\/revisions"}],"predecessor-version":[{"id":174,"href":"https:\/\/jaeger-sh.at\/index.php\/wp-json\/wp\/v2\/pages\/163\/revisions\/174"}],"wp:attachment":[{"href":"https:\/\/jaeger-sh.at\/index.php\/wp-json\/wp\/v2\/media?parent=163"}],"curies":[{"name":"wp","href":"https:\/\/api.w.org\/{rel}","templated":true}]}}